{"id":433,"date":"2022-05-02T14:23:29","date_gmt":"2022-05-02T13:23:29","guid":{"rendered":"https:\/\/staging.microlabhard.com\/assessoriavallirana\/assessoria-vallirana\/"},"modified":"2025-08-06T10:11:06","modified_gmt":"2025-08-06T09:11:06","slug":"assessoria-vallirana","status":"publish","type":"page","link":"https:\/\/centredegestions.com\/ca\/","title":{"rendered":"Centre de Gestions"},"content":{"rendered":"<div class=\"wpb-content-wrapper\"><p>[vc_row][vc_column]<div class=\"porto-block\" data-id=\"436\"><style>.vc_custom_1686558329149{margin-bottom: 10px !important;}.wpb_custom_c86c2fb53cae9eced42d4b8900a042f3{--porto-el-spacing: 0px;}<\/style>[vc_row full_width=\"stretch_row_content_no_spaces\" el_class=\"mlh_slider1 intro-section\" conditional_render=\"%5B%7B%22value_role%22%3A%22administrator%22%7D%5D\" el_id=\"slider1\"][vc_column]<div class=\"porto-carousel owl-carousel has-ccols ccols-xl-1 ccols-lg-1 ccols-md-1 ccols-sm-1 ccols-1 mb-0 section-angled-layer-bottom wpb_custom_c86c2fb53cae9eced42d4b8900a042f3\" data-plugin-options=\"{&quot;themeConfig&quot;:true,&quot;stagePadding&quot;:0,&quot;margin&quot;:0,&quot;autoplay&quot;:false,&quot;mouseDrag&quot;:false,&quot;touchDrag&quot;:false,&quot;autoplayTimeout&quot;:5000,&quot;autoplayHoverPause&quot;:false,&quot;items&quot;:1,&quot;xl&quot;:1,&quot;lg&quot;:1,&quot;md&quot;:1,&quot;sm&quot;:1,&quot;xs&quot;:1,&quot;nav&quot;:false,&quot;dots&quot;:false,&quot;animateIn&quot;:&quot;&quot;,&quot;animateOut&quot;:&quot;&quot;,&quot;loop&quot;:false,&quot;center&quot;:false,&quot;video&quot;:false,&quot;lazyLoad&quot;:false,&quot;fullscreen&quot;:false}\"><div class=\"porto-ibanner interactive-banner-wrap-07dd21040fa50768c9d370ae74e47015 mb-0\" style=\"background:#ffffff;\"><img loading=\"lazy\" decoding=\"async\" alt=\"centredegestions.com\" width=\"2560\" height=\"1017\" class=\"porto-ibanner-img\" src=\"https:\/\/centredegestions.com\/wp-content\/uploads\/2023\/04\/centre-de-gestions-scaled.jpg\" srcset=\"https:\/\/centredegestions.com\/wp-content\/uploads\/2023\/04\/centre-de-gestions-scaled.jpg 2560w, https:\/\/centredegestions.com\/wp-content\/uploads\/2023\/04\/centre-de-gestions-1024x407.jpg 1024w, https:\/\/centredegestions.com\/wp-content\/uploads\/2023\/04\/centre-de-gestions-768x305.jpg 768w, https:\/\/centredegestions.com\/wp-content\/uploads\/2023\/04\/centre-de-gestions-1536x610.jpg 1536w, https:\/\/centredegestions.com\/wp-content\/uploads\/2023\/04\/centre-de-gestions-2048x813.jpg 2048w, https:\/\/centredegestions.com\/wp-content\/uploads\/2023\/04\/centre-de-gestions-640x254.jpg 640w, https:\/\/centredegestions.com\/wp-content\/uploads\/2023\/04\/centre-de-gestions-400x159.jpg 400w\" sizes=\"auto, (max-width: 2560px) 100vw, 2560px\"><div class=\"porto-ibanner-desc no-padding d-flex\"><div class=\"container\"><div class=\"porto-ibanner-container\"><div class=\"porto-ibanner-layer mlh_txtslider wpb_custom_2c5109c031829f9c54153ed0e6239ff6 banner-pos-694bb171d6a543e227c36f596ebf3178\">[vc_custom_heading text=\"CENTRE DE GESTIONS\" font_container=\"tag:h2|font_size:2.5rem|text_align:left|line_height:1.2\" use_theme_fonts=\"yes\" font_weight=\"700\" letter_spacing=\"0\" animation_delay=\"300\" animation_type=\"fadeInDown\" css=\".vc_custom_1686558329149{margin-bottom: 10px !important;}\"][vc_custom_heading text=\"Assessorament comptable, fiscal, laboral i assegurances\" font_container=\"tag:p|font_size:22px|text_align:left|line_height:1.3\" use_theme_fonts=\"yes\" letter_spacing=\"0\" animation_delay=\"300\" animation_type=\"fadeInUp\"]<\/div><\/div><\/div><\/div><\/div><\/div>[\/vc_column][\/vc_row]<\/div>[vc_custom_heading text=&#8221;Assessorament comptable, fiscal, laboral i assegurances&#8221; font_container=&#8221;tag:h1|text_align:left&#8221; use_theme_fonts=&#8221;yes&#8221; el_class=&#8221;mlh_h1&#8243;][\/vc_column][\/vc_row][vc_row full_width=&#8221;stretch_row&#8221; css=&#8221;.vc_custom_1685373615490{padding-top: 10px !important;padding-bottom: 10px !important;background-color: #303030 !important;}&#8221; conditional_render=&#8221;%5B%7B%22value_role%22%3A%22administrator%22%7D%5D&#8221; el_id=&#8221;nosaltres&#8221;][vc_column width=&#8221;1\/2&#8243; el_class=&#8221;MLH_centrado&#8221; conditional_render=&#8221;%5B%7B%22value_role%22%3A%22administrator%22%7D%5D&#8221;][vc_single_image image=&#8221;491&#8243; img_size=&#8221;420&#215;240&#8243; css=&#8221;.vc_custom_1686557485424{margin-bottom: 0px !important;}&#8221; animation_delay=&#8221;250&#8243; animation_type=&#8221;fadeInUp&#8221;][\/vc_column][vc_column width=&#8221;1\/2&#8243;][vc_custom_heading text=&#8221;Compromesos amb l&apos;excel\u00b7l\u00e8ncia&#8221; font_container=&#8221;tag:h2|font_size:1.1rem|text_align:left|color:%23ffffff|line_height:1.5&#8243; use_theme_fonts=&#8221;yes&#8221; font_weight=&#8221;500&#8243; letter_spacing=&#8221;1px&#8221; el_class=&#8221;mb-0&#8243; animation_type=&#8221;fadeInUp&#8221;][vc_custom_heading text=&#8221;Qui Som&#8221; font_container=&#8221;tag:h2|text_align:left|color:%23ffffff&#8221; use_theme_fonts=&#8221;yes&#8221; css=&#8221;.vc_custom_1685373055290{margin-bottom: 20px !important;}&#8221; font_weight=&#8221;700&#8243; animation_delay=&#8221;100&#8243; animation_type=&#8221;fadeInUp&#8221;][vc_custom_heading text=&#8221;Amb m\u00e9s de 25 anys d&apos;experi\u00e8ncia, el nostre equip t\u00e9 la capacitat i saber fer necessaris per fer avan\u00e7ar la seva empresa. A Centre de Gestions combinem els nostres coneixements i habilitats per transformar les seves idees i projectes a la seva empresa. Ens omple d&apos;orgull poder ajudar els nostres clients a donar forma, millorar l&apos;estructura i la gesti\u00f3 de les seves empreses i projectes personals.&#8221; font_container=&#8221;tag:p|text_align:left|color:%23ffffff&#8221; use_theme_fonts=&#8221;yes&#8221; css=&#8221;.vc_custom_1686555476054{margin-bottom: 20px !important;}&#8221; animation_delay=&#8221;100&#8243; animation_type=&#8221;fadeInUp&#8221;][\/vc_column][\/vc_row][vc_row full_width=&#8221;stretch_row&#8221; el_id=&#8221;serveis&#8221; conditional_render=&#8221;%5B%7B%22value_role%22%3A%22administrator%22%7D%5D&#8221; css=&#8221;.vc_custom_1685375064294{padding-top: 120px !important;padding-bottom: 20px !important;}&#8221; el_class=&#8221;mlh_servicios-estilo3 section-angled-top&#8221;][vc_column][vc_custom_heading text=&#8221;Especialitzats en mat\u00e8ria&#8221; font_container=&#8221;tag:h2|font_size:1.1rem|text_align:center|color:%236a6a6a|line_height:1.5&#8243; use_theme_fonts=&#8221;yes&#8221; font_weight=&#8221;500&#8243; letter_spacing=&#8221;1px&#8221; el_class=&#8221;mb-0&#8243; animation_type=&#8221;fadeInUp&#8221;][vc_custom_heading text=&#8221;Serveis que oferim&#8221; font_container=&#8221;tag:h2|text_align:center&#8221; use_theme_fonts=&#8221;yes&#8221; css=&#8221;.vc_custom_1684329257259{margin-bottom: 20px !important;}&#8221; font_weight=&#8221;700&#8243; animation_delay=&#8221;100&#8243; animation_type=&#8221;fadeInUp&#8221;][vc_row_inner el_class=&#8221;mlh_filaservicio&#8221; css=&#8221;.vc_custom_1685434803764{margin-top: 40px !important;}&#8221;][vc_column_inner width=&#8221;1\/3&#8243; animation_delay=&#8221;100&#8243; animation_type=&#8221;fadeInRight&#8221;]<a aria-label=\"Assessoria Fiscal\" class=\"porto-sicon-box-link\" href=\"https:\/\/centredegestions.com\/servicios\/#asesoria-fiscal\"><div class=\"porto-sicon-box MLH_servicio  wpb_custom_9d87dd7e1251b26eba5e6f7a5149355c style_1 top-icon\"><div class=\"porto-sicon-top\"><div class=\"porto-just-icon-wrapper porto-icon none\" style=\"color:#c7193e;font-size:50px;\"><i class=\"fas fa-gavel\"><\/i><\/div><\/div><div class=\"porto-sicon-header\"><h3 class=\"porto-sicon-title\" style=\"\">Assessoria Fiscal<\/h3><\/div> <!-- header --><div class=\"porto-sicon-description\" style=\"color:#333333;\">Duem a terme una gesti\u00f3 eficient i un assessorament personalitzat davant de cada necessitat fiscal que tinguis&#8230;<\/div> <!-- description --><\/div><!-- porto-sicon-box --><\/a>[\/vc_column_inner][vc_column_inner width=&#8221;1\/3&#8243; animation_delay=&#8221;300&#8243; animation_type=&#8221;fadeInRight&#8221;]<a aria-label=\"Assessoria Comptable\" class=\"porto-sicon-box-link\" href=\"https:\/\/centredegestions.com\/servicios\/#asesoria-contable\"><div class=\"porto-sicon-box MLH_servicio  wpb_custom_9d87dd7e1251b26eba5e6f7a5149355c style_1 top-icon\"><div class=\"porto-sicon-top\"><div class=\"porto-just-icon-wrapper porto-icon none\" style=\"color:#c7193e;font-size:50px;\"><i class=\"fas fa-chart-line\"><\/i><\/div><\/div><div class=\"porto-sicon-header\"><h3 class=\"porto-sicon-title\" style=\"\">Assessoria Comptable<\/h3><\/div> <!-- header --><div class=\"porto-sicon-description\" style=\"color:#333333;\">Realitzem un seguiment comptable perqu\u00e8 sempre tingui a la vostra disposici\u00f3 els balan\u00e7os i els comptes de la vostra empresa&#8230;<\/div> <!-- description --><\/div><!-- porto-sicon-box --><\/a>[\/vc_column_inner][vc_column_inner width=&#8221;1\/3&#8243; animation_delay=&#8221;600&#8243; animation_type=&#8221;fadeInRight&#8221;]<a aria-label=\"Assessoria Laboral\" class=\"porto-sicon-box-link\" href=\"https:\/\/centredegestions.com\/servicios\/#asesoria-laboral\"><div class=\"porto-sicon-box MLH_servicio  wpb_custom_9d87dd7e1251b26eba5e6f7a5149355c style_1 top-icon\"><div class=\"porto-sicon-top\"><div class=\"porto-just-icon-wrapper porto-icon none\" style=\"color:#c7193e;font-size:50px;\"><i class=\"fas fa-briefcase\"><\/i><\/div><\/div><div class=\"porto-sicon-header\"><h3 class=\"porto-sicon-title\" style=\"\">Assessoria Laboral<\/h3><\/div> <!-- header --><div class=\"porto-sicon-description\" style=\"color:#333333;\">Gesti\u00f3 i assessorament en l&#8217;\u00e0mbit laboral i en les relacions de les empreses amb la Seguretat Social&#8230;<\/div> <!-- description --><\/div><!-- porto-sicon-box --><\/a>[\/vc_column_inner][vc_column_inner width=&#8221;1\/3&#8243; animation_delay=&#8221;900&#8243; animation_type=&#8221;fadeInRight&#8221;]<a aria-label=\"Tr\u00e0nsit\" class=\"porto-sicon-box-link\" href=\"https:\/\/centredegestions.com\/servicios\/#trafico\"><div class=\"porto-sicon-box MLH_servicio  wpb_custom_9d87dd7e1251b26eba5e6f7a5149355c style_1 top-icon\"><div class=\"porto-sicon-top\"><div class=\"porto-just-icon-wrapper porto-icon none\" style=\"color:#c7193e;font-size:50px;\"><i class=\"fas fa-car\"><\/i><\/div><\/div><div class=\"porto-sicon-header\"><h3 class=\"porto-sicon-title\" style=\"\">Tr\u00e0nsit<\/h3><\/div> <!-- header --><div class=\"porto-sicon-description\" style=\"color:#333333;\">Tenim gestors administratius col\u00b7legiats per realitzar tot tipus de gestions en l&#8217;\u00e0mbit de tr\u00e0nsit&#8230;<\/div> <!-- description --><\/div><!-- porto-sicon-box --><\/a>[\/vc_column_inner][vc_column_inner width=&#8221;1\/3&#8243; animation_delay=&#8221;1200&#8243; animation_type=&#8221;fadeInRight&#8221;]<a aria-label=\"Her\u00e8ncies i Donacions\" class=\"porto-sicon-box-link\" href=\"https:\/\/centredegestions.com\/servicios\/#herencias-donaciones\"><div class=\"porto-sicon-box MLH_servicio  wpb_custom_9d87dd7e1251b26eba5e6f7a5149355c style_1 top-icon\"><div class=\"porto-sicon-top\"><div class=\"porto-just-icon-wrapper porto-icon none\" style=\"color:#c7193e;font-size:50px;\"><i class=\"fas fa-euro-sign\"><\/i><\/div><\/div><div class=\"porto-sicon-header\"><h3 class=\"porto-sicon-title\" style=\"\">Her\u00e8ncies i Donacions<\/h3><\/div> <!-- header --><div class=\"porto-sicon-description\" style=\"color:#333333;\">Assessora&#8217;t per saber quan interessa m\u00e9s realitzar la transmissi\u00f3 de b\u00e9ns per reduir la c\u00e0rrega impositiva&#8230;<\/div> <!-- description --><\/div><!-- porto-sicon-box --><\/a>[\/vc_column_inner][vc_column_inner width=&#8221;1\/3&#8243; animation_delay=&#8221;1500&#8243; animation_type=&#8221;fadeInRight&#8221;]<a aria-label=\"Administracions P\u00fabliques\" class=\"porto-sicon-box-link\" href=\"https:\/\/centredegestions.com\/servicios\/#administraciones-publicas\"><div class=\"porto-sicon-box MLH_servicio  wpb_custom_9d87dd7e1251b26eba5e6f7a5149355c style_1 top-icon\"><div class=\"porto-sicon-top\"><div class=\"porto-just-icon-wrapper porto-icon none\" style=\"color:#c7193e;font-size:50px;\"><i class=\"fas fa-edit\"><\/i><\/div><\/div><div class=\"porto-sicon-header\"><h3 class=\"porto-sicon-title\" style=\"\">Administracions P\u00fabliques<\/h3><\/div> <!-- header --><div class=\"porto-sicon-description\" style=\"color:#333333;\">Gestionem qualsevol comunicaci\u00f3, notificaci\u00f3 o proposta que t&#8217;envi\u00efn des d&#8217;algun \u00f2rgan administratiu&#8230;<\/div> <!-- description --><\/div><!-- porto-sicon-box --><\/a>[\/vc_column_inner][\/vc_row_inner][\/vc_column][\/vc_row][vc_row full_width=&#8221;stretch_row&#8221; wrap_container=&#8221;yes&#8221; el_class=&#8221;mlh_contacto-estilo2&#8243; conditional_render=&#8221;%5B%7B%22value_role%22%3A%22administrator%22%7D%5D&#8221; el_id=&#8221;contacte&#8221; css=&#8221;.vc_custom_1710931399142{padding-top: 130px !important;padding-bottom: 50px !important;background-color: #f1f1f1 !important;}&#8221;][vc_column][vc_custom_heading text=&#8221;On som&#8221; font_container=&#8221;tag:h2|font_size:1.1rem|text_align:center|color:%236a6a6a|line_height:1.5&#8243; use_theme_fonts=&#8221;yes&#8221; font_weight=&#8221;500&#8243; letter_spacing=&#8221;1px&#8221; el_class=&#8221;mb-0&#8243; animation_type=&#8221;fadeInUp&#8221;][vc_custom_heading text=&#8221;Contacta&apos;ns&#8221; font_container=&#8221;tag:h2|text_align:center&#8221; use_theme_fonts=&#8221;yes&#8221; css=&#8221;.vc_custom_1685431122135{margin-bottom: 10px !important;}&#8221; font_weight=&#8221;700&#8243; animation_delay=&#8221;100&#8243; animation_type=&#8221;fadeInUp&#8221;][vc_row_inner css=&#8221;.vc_custom_1681982215172{margin-top: 40px !important;}&#8221;][vc_column_inner width=&#8221;1\/2&#8243;][vc_gmaps link=&#8221;#E-8_JTNDaWZyYW1lJTIwc3JjJTNEJTIyaHR0cHMlM0ElMkYlMkZ3d3cuZ29vZ2xlLmNvbSUyRm1hcHMlMkZlbWJlZCUzRnBiJTNEJTIxMW0xOCUyMTFtMTIlMjExbTMlMjExZDI5OTIuMDk4ODM4NTY3MzYxJTIxMmQyLjAxMDcxMzM3NjYyODQ1ODYlMjEzZDQxLjQxNTM3MzA3MTI5NjMyJTIxMm0zJTIxMWYwJTIxMmYwJTIxM2YwJTIxM20yJTIxMWkxMDI0JTIxMmk3NjglMjE0ZjEzLjElMjEzbTMlMjExbTIlMjExczB4MTJhNDlhOWEzYjViY2JkZiUyNTNBMHgzODA5ZjQ4NDgwOWZkMDY3JTIxMnNDYXJyZXIlMjUyMGRlJTI1MjBsYSUyNTIwUm9zZXRhJTI1MjBDYW5hbGlhcyUyNTJDJTI1MjAxNCUyNTJDJTI1MjAwODc1MCUyNTIwTW9saW5zJTI1MjBkZSUyNTIwUmVpJTI1MkMlMjUyMEJhcmNlbG9uYSUyMTVlMCUyMTNtMiUyMTFzZXMlMjEyc2VzJTIxNHYxNzU0NDY5NDU2MTM5JTIxNW0yJTIxMXNlcyUyMTJzZXMlMjIlMjB3aWR0aCUzRCUyMjYwMCUyMiUyMGhlaWdodCUzRCUyMjQ1MCUyMiUyMHN0eWxlJTNEJTIyYm9yZGVyJTNBMCUzQiUyMiUyMGFsbG93ZnVsbHNjcmVlbiUzRCUyMiUyMiUyMGxvYWRpbmclM0QlMjJsYXp5JTIyJTIwcmVmZXJyZXJwb2xpY3klM0QlMjJuby1yZWZlcnJlci13aGVuLWRvd25ncmFkZSUyMiUzRSUzQyUyRmlmcmFtZSUzRQ==&#8221; size=&#8221;400&#8243; css=&#8221;&#8221; css_params=&#8221;&#8221;][vc_empty_space height=&#8221;30px&#8221;][\/vc_column_inner][vc_column_inner el_class=&#8221;MLH_centrado&#8221; width=&#8221;1\/2&#8243;]<a aria-label=\"Ens trobem a:\" class=\"porto-sicon-box-link\" href=\"https:\/\/maps.app.goo.gl\/f6XRUVYeAXqsVksV7\" target='_blank'><div class=\"porto-sicon-box  vc_custom_1754471012757 mlh_contactame  wpb_custom_5dca0eda3bb6955699f35fedc40b176f style_2 left-icon\" data-appear-animation=\"fadeInLeft\" data-appear-animation-delay=\"200\"><div class=\"porto-sicon-left\"><div class=\"porto-just-icon-wrapper porto-sicon-img  porto-icon-9f5d1cfb45d27d96b50bf473aebba227\" style=\"font-size: 70px;\"><img loading=\"lazy\" decoding=\"async\" class=\"img-icon\" alt=\"centredegestions.com\" src=\"https:\/\/centredegestions.com\/wp-content\/uploads\/2023\/05\/ubicacion.png\" width=\"600\" height=\"600\" \/><\/div><\/div><div class=\"porto-sicon-body\"><div class=\"porto-sicon-header\"><h4 class=\"porto-sicon-title\" style=\"\">Ens trobem a:<\/h4><p style=\"color:#333333;\">C\/ Roseta Canalias, 14 \u2013 08750 Molins de Rei<\/p><\/div> <!-- header --><\/div><\/div><!-- porto-sicon-box --><\/a><div class=\"porto-sicon-box  vc_custom_1685435342782 mlh_contactame  wpb_custom_5dca0eda3bb6955699f35fedc40b176f style_2 left-icon\" data-appear-animation=\"fadeInLeft\" data-appear-animation-delay=\"500\"><div class=\"porto-sicon-left\"><div class=\"porto-just-icon-wrapper porto-sicon-img  porto-icon-9f5d1cfb45d27d96b50bf473aebba227\" style=\"font-size: 70px;\"><img loading=\"lazy\" decoding=\"async\" class=\"img-icon\" alt=\"centredegestions.com\" src=\"https:\/\/centredegestions.com\/wp-content\/uploads\/2023\/05\/horario.png\" width=\"600\" height=\"600\" \/><\/div><\/div><div class=\"porto-sicon-body\"><div class=\"porto-sicon-header\"><h4 class=\"porto-sicon-title\" style=\"\">Horari<\/h4><p style=\"color:#333333;\">Dilluns a dijous de 9.00 a 14.00 i de 15.30 a 19.00. Divendres de 9.00 a 15.00<\/p><\/div> <!-- header --><\/div><\/div><!-- porto-sicon-box --><a aria-label=\"Escriu-nos a:\" class=\"porto-sicon-box-link\" href=\"mailto:aleix@centredegestions.com\"><div class=\"porto-sicon-box  vc_custom_1686555379732 mlh_contactame  wpb_custom_5dca0eda3bb6955699f35fedc40b176f style_2 left-icon\" data-appear-animation=\"fadeInLeft\" data-appear-animation-delay=\"800\"><div class=\"porto-sicon-left\"><div class=\"porto-just-icon-wrapper porto-sicon-img  porto-icon-9f5d1cfb45d27d96b50bf473aebba227\" style=\"font-size: 70px;\"><img loading=\"lazy\" decoding=\"async\" class=\"img-icon\" alt=\"centredegestions.com\" src=\"https:\/\/centredegestions.com\/wp-content\/uploads\/2023\/05\/email.png\" width=\"600\" height=\"600\" \/><\/div><\/div><div class=\"porto-sicon-body\"><div class=\"porto-sicon-header\"><h4 class=\"porto-sicon-title\" style=\"\">Escriu-nos a:<\/h4><p style=\"color:#333333;\">aleix@centredegestions.com<\/p><\/div> <!-- header --><\/div><\/div><!-- porto-sicon-box --><\/a><div class=\"porto-sicon-box  vc_custom_1686555347349 mlh_contactame  wpb_custom_5dca0eda3bb6955699f35fedc40b176f style_2 left-icon\" data-appear-animation=\"fadeInLeft\" data-appear-animation-delay=\"1100\"><div class=\"porto-sicon-left\"><div class=\"porto-just-icon-wrapper porto-sicon-img  porto-icon-9f5d1cfb45d27d96b50bf473aebba227\" style=\"font-size: 70px;\"><img loading=\"lazy\" decoding=\"async\" class=\"img-icon\" alt=\"centredegestions.com\" src=\"https:\/\/centredegestions.com\/wp-content\/uploads\/2023\/05\/telefono.png\" width=\"600\" height=\"600\" \/><\/div><\/div><div class=\"porto-sicon-body\"><div class=\"porto-sicon-header\" style=\"margin-bottom:0px;\"><h4 class=\"porto-sicon-title\" style=\"margin-bottom:0px;\">... o truca&#039;ns<\/h4><\/div> <!-- header --><div class=\"porto-sicon-description\" style=\"\"><a href=\"tel:+34936800315\">936 80 03 15<\/a><\/div> <!-- description --><\/div><\/div><!-- porto-sicon-box -->[\/vc_column_inner][\/vc_row_inner][\/vc_column][\/vc_row][vc_row full_width=&#8221;stretch_row&#8221; css=&#8221;.vc_custom_1710931357363{padding-top: 50px !important;padding-bottom: 50px !important;}&#8221; conditional_render=&#8221;%5B%7B%22value_role%22%3A%22administrator%22%7D%5D&#8221;][vc_column width=&#8221;1\/6&#8243;][\/vc_column][vc_column width=&#8221;2\/3&#8243;][vc_custom_heading text=&#8221;Contacta&apos;ns i descobreix com la teva empresa es pot beneficiar dels nostres serveis.&#8221; font_container=&#8221;tag:h2|font_size:1.5rem|text_align:center|line_height:1.2&#8243; use_theme_fonts=&#8221;yes&#8221; css=&#8221;.vc_custom_1685447186296{margin-bottom: 25px !important;}&#8221; font_weight=&#8221;500&#8243; animation_delay=&#8221;100&#8243; animation_type=&#8221;fadeInUp&#8221;]\n<div class=\"wpcf7 no-js\" id=\"wpcf7-f83-o1\" lang=\"es-ES\" dir=\"ltr\" data-wpcf7-id=\"83\">\n<div class=\"screen-reader-response\"><p role=\"status\" aria-live=\"polite\" aria-atomic=\"true\"><\/p> <ul><\/ul><\/div>\n<form action=\"\/ca\/wp-json\/wp\/v2\/pages\/433#wpcf7-f83-o1\" method=\"post\" class=\"wpcf7-form init\" aria-label=\"Formulario de contacto\" novalidate=\"novalidate\" data-status=\"init\">\n<fieldset class=\"hidden-fields-container\"><input type=\"hidden\" name=\"_wpcf7\" value=\"83\" \/><input type=\"hidden\" name=\"_wpcf7_version\" value=\"6.1\" \/><input type=\"hidden\" name=\"_wpcf7_locale\" value=\"es_ES\" \/><input type=\"hidden\" name=\"_wpcf7_unit_tag\" value=\"wpcf7-f83-o1\" \/><input type=\"hidden\" name=\"_wpcf7_container_post\" value=\"0\" \/><input type=\"hidden\" name=\"_wpcf7_posted_data_hash\" value=\"\" \/><input type=\"hidden\" name=\"_wpcf7_recaptcha_response\" value=\"\" \/>\n<\/fieldset>\n<div class=\"left\"><span class=\"wpcf7-form-control-wrap\" data-name=\"your-name\"><input size=\"40\" maxlength=\"400\" class=\"wpcf7-form-control wpcf7-text wpcf7-validates-as-required\" aria-required=\"true\" aria-invalid=\"false\" placeholder=\"Nombre *\" value=\"\" type=\"text\" name=\"your-name\" \/><\/span><\/div>\n\n<div class=\"right\"><span class=\"wpcf7-form-control-wrap\" data-name=\"your-phone\"><input size=\"40\" maxlength=\"400\" class=\"wpcf7-form-control wpcf7-text\" aria-invalid=\"false\" placeholder=\"Tel\u00e9fono\" value=\"\" type=\"text\" name=\"your-phone\" \/><\/span><\/div>\n\n<span class=\"wpcf7-form-control-wrap\" data-name=\"your-email\"><input size=\"40\" maxlength=\"400\" class=\"wpcf7-form-control wpcf7-email wpcf7-validates-as-required wpcf7-text wpcf7-validates-as-email\" aria-required=\"true\" aria-invalid=\"false\" placeholder=\"Correo electr\u00f3nico *\" value=\"\" type=\"email\" name=\"your-email\" \/><\/span>\n\n<span class=\"wpcf7-form-control-wrap\" data-name=\"your-message\"><textarea cols=\"40\" rows=\"10\" maxlength=\"2000\" class=\"wpcf7-form-control wpcf7-textarea wpcf7-validates-as-required\" aria-required=\"true\" aria-invalid=\"false\" placeholder=\"Mensaje *\" name=\"your-message\"><\/textarea><\/span>\n\n<div class=\"MLH_Form\"><strong>Protecci\u00f3n de datos personales.<\/strong> Utilizaremos sus datos para responder consultas y realizar an\u00e1lisis estad\u00edsticos. Para m\u00e1s informaci\u00f3n sobre el tratamiento y sus derechos, consulte la <a href='https:\/\/centredegestions.com\/politica-de-privacidad-y-aviso-legal\/' rel='nofollow' target=\"_blank\">Pol\u00edtica de Privacidad<\/a>.<\/div>\n\n<input class=\"wpcf7-form-control wpcf7-submit has-spinner\" type=\"submit\" value=\"Enviar\" \/><div class=\"wpcf7-response-output\" aria-hidden=\"true\"><\/div>\n<\/form>\n<\/div>\n[\/vc_column][vc_column width=&#8221;1\/6&#8243;][\/vc_column][\/vc_row]<\/p>\n<\/div>","protected":false},"excerpt":{"rendered":"<p>[vc_row][vc_column][vc_custom_heading text=&#8221;Assessorament comptable, fiscal, laboral i assegurances&#8221; font_container=&#8221;tag:h1|text_align:left&#8221; use_theme_fonts=&#8221;yes&#8221; el_class=&#8221;mlh_h1&#8243;][\/vc_column][\/vc_row][vc_row full_width=&#8221;stretch_row&#8221; css=&#8221;.vc_custom_1685373615490{padding-top: 10px !important;padding-bottom: 10px !important;background-color: #303030 !important;}&#8221; conditional_render=&#8221;%5B%7B%22value_role%22%3A%22administrator%22%7D%5D&#8221; el_id=&#8221;nosaltres&#8221;][vc_column width=&#8221;1\/2&#8243; el_class=&#8221;MLH_centrado&#8221; conditional_render=&#8221;%5B%7B%22value_role%22%3A%22administrator%22%7D%5D&#8221;][vc_single_image image=&#8221;491&#8243; img_size=&#8221;420&#215;240&#8243; css=&#8221;.vc_custom_1686557485424{margin-bottom: 0px !important;}&#8221; animation_delay=&#8221;250&#8243; animation_type=&#8221;fadeInUp&#8221;][\/vc_column][vc_column width=&#8221;1\/2&#8243;][vc_custom_heading text=&#8221;Compromesos amb l&apos;excel\u00b7l\u00e8ncia&#8221; font_container=&#8221;tag:h2|font_size:1.1rem|text_align:left|color:%23ffffff|line_height:1.5&#8243; use_theme_fonts=&#8221;yes&#8221; font_weight=&#8221;500&#8243; letter_spacing=&#8221;1px&#8221; el_class=&#8221;mb-0&#8243; animation_type=&#8221;fadeInUp&#8221;][vc_custom_heading text=&#8221;Qui Som&#8221; font_container=&#8221;tag:h2|text_align:left|color:%23ffffff&#8221; use_theme_fonts=&#8221;yes&#8221; css=&#8221;.vc_custom_1685373055290{margin-bottom: 20px !important;}&#8221; font_weight=&#8221;700&#8243; animation_delay=&#8221;100&#8243; animation_type=&#8221;fadeInUp&#8221;][vc_custom_heading text=&#8221;Amb m\u00e9s de 25 anys [&hellip;]<\/p>\n","protected":false},"author":1,"featured_media":0,"parent":0,"menu_order":0,"comment_status":"closed","ping_status":"closed","template":"","meta":{"_seopress_robots_primary_cat":"","_seopress_titles_title":"%%sitetitle%%, %%tagline%%","_seopress_titles_desc":"","_seopress_robots_index":"","footnotes":""},"class_list":["post-433","page","type-page","status-publish","hentry"],"_links":{"self":[{"href":"https:\/\/centredegestions.com\/ca\/wp-json\/wp\/v2\/pages\/433","targetHints":{"allow":["GET"]}}],"collection":[{"href":"https:\/\/centredegestions.com\/ca\/wp-json\/wp\/v2\/pages"}],"about":[{"href":"https:\/\/centredegestions.com\/ca\/wp-json\/wp\/v2\/types\/page"}],"author":[{"embeddable":true,"href":"https:\/\/centredegestions.com\/ca\/wp-json\/wp\/v2\/users\/1"}],"replies":[{"embeddable":true,"href":"https:\/\/centredegestions.com\/ca\/wp-json\/wp\/v2\/comments?post=433"}],"version-history":[{"count":2,"href":"https:\/\/centredegestions.com\/ca\/wp-json\/wp\/v2\/pages\/433\/revisions"}],"predecessor-version":[{"id":622,"href":"https:\/\/centredegestions.com\/ca\/wp-json\/wp\/v2\/pages\/433\/revisions\/622"}],"wp:attachment":[{"href":"https:\/\/centredegestions.com\/ca\/wp-json\/wp\/v2\/media?parent=433"}],"curies":[{"name":"wp","href":"https:\/\/api.w.org\/{rel}","templated":true}]}}