{"id":582,"date":"2024-03-19T16:11:29","date_gmt":"2024-03-19T15:11:29","guid":{"rendered":"https:\/\/centredegestions.com\/?page_id=582"},"modified":"2024-03-20T13:24:28","modified_gmt":"2024-03-20T12:24:28","slug":"renda","status":"publish","type":"page","link":"https:\/\/centredegestions.com\/ca\/renda\/","title":{"rendered":"Renda"},"content":{"rendered":"<div class=\"wpb-content-wrapper\"><p>[vc_row][vc_column][vc_empty_space][vc_column_text]Per realitzar la Declaraci\u00f3 de la Renda a Centre de Gestions Molins simplement heu de seguir els passos seg\u00fcents:<\/p>\n<ul>\n<li>Acudiu a l&#8217;oficina, <strong>sense cita pr\u00e8via<\/strong>, amb el vostre DNI perqu\u00e8 puguem obtenir les Dades Fiscals a trav\u00e9s dels programes d&#8217;hisenda. Tamb\u00e9, porteu els DNI de la vostra fam\u00edlia o parella perqu\u00e8 traguem les vostres dades i puguem confirmar que s\u00f3n acords amb la vostra situaci\u00f3.<\/li>\n<\/ul>\n<p>Si \u00e9s la primera vegada que feu la declaraci\u00f3 amb nosaltres, necessitem la <strong>declaraci\u00f3 de l&#8217;any passat<\/strong>.<\/p>\n<ul>\n<li>Un cop tinguem les dades fiscals se us faran una s\u00e8rie de preguntes per veure quina informaci\u00f3 necessitarem per realitzar l&#8217;impost.<\/li>\n<\/ul>\n<p>A continuaci\u00f3, posarem exemples comuns de quina informaci\u00f3 estem parlant:[\/vc_column_text][vc_empty_space][\/vc_column][vc_column][vc_row_inner animation_type=&#8221;fadeInRight&#8221; el_class=&#8221;MLH_listservicios&#8221;][vc_column_inner width=&#8221;2\/5&#8243; css=&#8221;.vc_custom_1710857693641{background-image: url(https:\/\/assessoriavallirana.com\/wp-content\/uploads\/2019\/12\/declaracion-de-renta.jpg?id=284) !important;background-position: center !important;background-repeat: no-repeat !important;background-size: cover !important;}&#8221;][\/vc_column_inner][vc_column_inner el_class=&#8221;MLH_centrado&#8221; width=&#8221;3\/5&#8243; css=&#8221;.vc_custom_1685446399480{padding-top: 40px !important;padding-right: 10px !important;padding-bottom: 40px !important;padding-left: 10px !important;}&#8221;]<div class=\"porto-sicon-box  vc_custom_1710858095066  wpb_custom_688327cd24e3ec302abc029bc66cbef8 style_1 left-icon\"><div class=\"porto-sicon-left\"><div class=\"porto-just-icon-wrapper porto-icon none\" style=\"color:#777777;font-size:20px;\"><i class=\"porto-icon-check-circle\"><\/i><\/div><\/div><div class=\"porto-sicon-body\"><div class=\"porto-sicon-description\" style=\"\"><em>Si esteu vivint en una casa en propietat o viu de lloguer.<\/em><\/div> <!-- description --><\/div><\/div><!-- porto-sicon-box --><div class=\"porto-sicon-box  vc_custom_1710858124993  wpb_custom_688327cd24e3ec302abc029bc66cbef8 style_1 left-icon\"><div class=\"porto-sicon-left\"><div class=\"porto-just-icon-wrapper porto-icon none\" style=\"color:#777777;font-size:20px;\"><i class=\"porto-icon-check-circle\"><\/i><\/div><\/div><div class=\"porto-sicon-body\"><div class=\"porto-sicon-description\" style=\"\"><em>Si heu treballat en m\u00e9s d&#8217;un lloc en el mateix any natural.<\/em><\/div> <!-- description --><\/div><\/div><!-- porto-sicon-box --><div class=\"porto-sicon-box  vc_custom_1710858137346  wpb_custom_688327cd24e3ec302abc029bc66cbef8 style_1 left-icon\"><div class=\"porto-sicon-left\"><div class=\"porto-just-icon-wrapper porto-icon none\" style=\"color:#777777;font-size:20px;\"><i class=\"porto-icon-check-circle\"><\/i><\/div><\/div><div class=\"porto-sicon-body\"><div class=\"porto-sicon-description\" style=\"\"><em>Si heu rebut alguna her\u00e8ncia o transmissi\u00f3 d&#8217;algun patrimoni.<\/em><\/div> <!-- description --><\/div><\/div><!-- porto-sicon-box --><div class=\"porto-sicon-box  vc_custom_1710858156095  wpb_custom_688327cd24e3ec302abc029bc66cbef8 style_1 left-icon\"><div class=\"porto-sicon-left\"><div class=\"porto-just-icon-wrapper porto-icon none\" style=\"color:#777777;font-size:20px;\"><i class=\"porto-icon-check-circle\"><\/i><\/div><\/div><div class=\"porto-sicon-body\"><div class=\"porto-sicon-description\" style=\"\"><em>Si fa alguna donaci\u00f3 en alguna entitat sense \u00e0nim de lucre ( ex: creu vermella ).<\/em><\/div> <!-- description --><\/div><\/div><!-- porto-sicon-box --><div class=\"porto-sicon-box  vc_custom_1710858170756  wpb_custom_688327cd24e3ec302abc029bc66cbef8 style_1 left-icon\"><div class=\"porto-sicon-left\"><div class=\"porto-just-icon-wrapper porto-icon none\" style=\"color:#777777;font-size:20px;\"><i class=\"porto-icon-check-circle\"><\/i><\/div><\/div><div class=\"porto-sicon-body\"><div class=\"porto-sicon-description\" style=\"\"><em>A quin estat civil es troba: solter, casat, parella de fet, vidu.<\/em><\/div> <!-- description --><\/div><\/div><!-- porto-sicon-box --><div class=\"porto-sicon-box  vc_custom_1710858190935  wpb_custom_688327cd24e3ec302abc029bc66cbef8 style_1 left-icon\"><div class=\"porto-sicon-left\"><div class=\"porto-just-icon-wrapper porto-icon none\" style=\"color:#777777;font-size:20px;\"><i class=\"porto-icon-check-circle\"><\/i><\/div><\/div><div class=\"porto-sicon-body\"><div class=\"porto-sicon-description\" style=\"\"><em>Els components de la fam\u00edlia i les activitats que realitzen.<\/em><\/div> <!-- description --><\/div><\/div><!-- porto-sicon-box --><div class=\"porto-sicon-box  vc_custom_1710858206351  wpb_custom_688327cd24e3ec302abc029bc66cbef8 style_1 left-icon\"><div class=\"porto-sicon-left\"><div class=\"porto-just-icon-wrapper porto-icon none\" style=\"color:#777777;font-size:20px;\"><i class=\"porto-icon-check-circle\"><\/i><\/div><\/div><div class=\"porto-sicon-body\"><div class=\"porto-sicon-description\" style=\"\"><em>Compra o venda de b\u00e9ns immobles realitzades aquell any.<\/em><\/div> <!-- description --><\/div><\/div><!-- porto-sicon-box -->[\/vc_column_inner][\/vc_row_inner][\/vc_column][vc_column][vc_empty_space][vc_column_text]Molta d&#8217;aquesta informaci\u00f3 ja ve en les dades que hisenda posseeix de nosaltres, per\u00f2 sempre preguntem als nostres clients tota aquella informaci\u00f3 que \u00e9s susceptible de pert\u00e0nyer a la renda, ja que en les dades fiscals potser no es reflectir\u00e0 tota la informaci\u00f3 necess\u00e0ria.<\/p>\n<p>En cas que necessitem informaci\u00f3 que vost\u00e8 no ha portat, no us preocupeu, porteu-la a l&#8217;oficina com m\u00e9s aviat millor i nosaltres ens encarreguem de la resta.<\/p>\n<p>Si us ha sorgit alguna dubte, contacteu-nos pel formulari web o truqueu-nos abans de venir i us ajudarem en tot el possible.[\/vc_column_text][vc_empty_space][\/vc_column][\/vc_row]<\/p>\n<\/div>","protected":false},"excerpt":{"rendered":"<p>[vc_row][vc_column][vc_empty_space][vc_column_text]Per realitzar la Declaraci\u00f3 de la Renda a Centre de Gestions Molins simplement heu de seguir els passos seg\u00fcents: Acudiu a l&#8217;oficina, sense cita pr\u00e8via, amb el vostre DNI perqu\u00e8 puguem obtenir les Dades Fiscals a trav\u00e9s dels programes d&#8217;hisenda. Tamb\u00e9, porteu els DNI de la vostra fam\u00edlia o parella perqu\u00e8 traguem les vostres dades [&hellip;]<\/p>\n","protected":false},"author":4,"featured_media":0,"parent":0,"menu_order":0,"comment_status":"closed","ping_status":"closed","template":"","meta":{"_seopress_robots_primary_cat":"","_seopress_titles_title":"","_seopress_titles_desc":"","_seopress_robots_index":"","footnotes":""},"class_list":["post-582","page","type-page","status-publish","hentry"],"_links":{"self":[{"href":"https:\/\/centredegestions.com\/ca\/wp-json\/wp\/v2\/pages\/582","targetHints":{"allow":["GET"]}}],"collection":[{"href":"https:\/\/centredegestions.com\/ca\/wp-json\/wp\/v2\/pages"}],"about":[{"href":"https:\/\/centredegestions.com\/ca\/wp-json\/wp\/v2\/types\/page"}],"author":[{"embeddable":true,"href":"https:\/\/centredegestions.com\/ca\/wp-json\/wp\/v2\/users\/4"}],"replies":[{"embeddable":true,"href":"https:\/\/centredegestions.com\/ca\/wp-json\/wp\/v2\/comments?post=582"}],"version-history":[{"count":2,"href":"https:\/\/centredegestions.com\/ca\/wp-json\/wp\/v2\/pages\/582\/revisions"}],"predecessor-version":[{"id":602,"href":"https:\/\/centredegestions.com\/ca\/wp-json\/wp\/v2\/pages\/582\/revisions\/602"}],"wp:attachment":[{"href":"https:\/\/centredegestions.com\/ca\/wp-json\/wp\/v2\/media?parent=582"}],"curies":[{"name":"wp","href":"https:\/\/api.w.org\/{rel}","templated":true}]}}